{"id":340,"date":"2024-11-14T17:12:34","date_gmt":"2024-11-14T17:12:34","guid":{"rendered":"https:\/\/shampetusa.com\/product\/tearless-hypoallergenic-shampoo-700ml\/"},"modified":"2024-11-15T12:18:12","modified_gmt":"2024-11-15T12:18:12","slug":"tearless-hypoallergenic-shampoo-700ml","status":"publish","type":"product","link":"https:\/\/shampetusa.com\/es\/producto\/tearless-hypoallergenic-shampoo-700ml\/","title":{"rendered":"Tearless Hypoallergenic Shampoo 700ML"},"content":{"rendered":"<p><strong>Ingredientes clave<\/strong><\/p>\n<p>Aceite de semilla de girasol, aceite de coco, aceite de palma, vitamina E<\/p>\n<p><strong>Instrucciones<\/strong><br \/>\nAgitar bien antes de usar. Aplicar una l\u00ednea de champ\u00fa generosamente a lo largo de la espalda y la nuca de la mascota.<br \/>\nEnjabonar y masajear hasta la piel de todo el cuerpo, alrededor de la cabeza y el cuello, evitando con cuidado el contacto con los ojos, las orejas y la nariz de la mascota. Dejar actuar de 5 a 10 minutos. Enjuagar bien. Repetir con tanta frecuencia como sea necesario.<\/p>\n","protected":false},"excerpt":{"rendered":"<p>Champ\u00fa totalmente natural e hipoalerg\u00e9nico con tratamiento antibacteriano y antif\u00fangico, formulado por veterinarios espec\u00edficamente para perros y gatos grandes o peque\u00f1os. Champ\u00fa con infusi\u00f3n de minerales naturales, sin fragancia y que no irrita las l\u00e1grimas.<\/p>\n","protected":false},"featured_media":214,"comment_status":"open","ping_status":"closed","template":"","meta":{"site-sidebar-layout":"default","site-content-layout":"","ast-site-content-layout":"default","site-content-style":"default","site-sidebar-style":"default","ast-global-header-display":"","ast-banner-title-visibility":"","ast-main-header-display":"","ast-hfb-above-header-display":"","ast-hfb-below-header-display":"","ast-hfb-mobile-header-display":"","site-post-title":"","ast-breadcrumbs-content":"","ast-featured-img":"","footer-sml-layout":"","theme-transparent-header-meta":"default","adv-header-id-meta":"","stick-header-meta":"","header-above-stick-meta":"","header-main-stick-meta":"","header-below-stick-meta":"","astra-migrate-meta-layouts":"default","ast-page-background-enabled":"default","ast-page-background-meta":{"desktop":{"background-color":"var(--ast-global-color-4)","background-image":"","background-repeat":"repeat","background-position":"center center","background-size":"auto","background-attachment":"scroll","background-type":"","background-media":"","overlay-type":"","overlay-color":"","overlay-opacity":"","overlay-gradient":""},"tablet":{"background-color":"","background-image":"","background-repeat":"repeat","background-position":"center center","background-size":"auto","background-attachment":"scroll","background-type":"","background-media":"","overlay-type":"","overlay-color":"","overlay-opacity":"","overlay-gradient":""},"mobile":{"background-color":"","background-image":"","background-repeat":"repeat","background-position":"center center","background-size":"auto","background-attachment":"scroll","background-type":"","background-media":"","overlay-type":"","overlay-color":"","overlay-opacity":"","overlay-gradient":""}},"ast-content-background-meta":{"desktop":{"background-color":"var(--ast-global-color-5)","background-image":"","background-repeat":"repeat","background-position":"center center","background-size":"auto","background-attachment":"scroll","background-type":"","background-media":"","overlay-type":"","overlay-color":"","overlay-opacity":"","overlay-gradient":""},"tablet":{"background-color":"var(--ast-global-color-5)","background-image":"","background-repeat":"repeat","background-position":"center center","background-size":"auto","background-attachment":"scroll","background-type":"","background-media":"","overlay-type":"","overlay-color":"","overlay-opacity":"","overlay-gradient":""},"mobile":{"background-color":"var(--ast-global-color-5)","background-image":"","background-repeat":"repeat","background-position":"center center","background-size":"auto","background-attachment":"scroll","background-type":"","background-media":"","overlay-type":"","overlay-color":"","overlay-opacity":"","overlay-gradient":""}}},"product_cat":[31],"product_tag":[],"class_list":{"0":"post-340","1":"product","2":"type-product","3":"status-publish","4":"has-post-thumbnail","6":"product_cat-champu-para-el-cuidado-de-mascotas","7":"desktop-align-center","8":"tablet-align-center","9":"mobile-align-center","11":"first","12":"instock","13":"taxable","14":"shipping-taxable","15":"purchasable","16":"product-type-simple"},"_links":{"self":[{"href":"https:\/\/shampetusa.com\/es\/wp-json\/wp\/v2\/product\/340","targetHints":{"allow":["GET"]}}],"collection":[{"href":"https:\/\/shampetusa.com\/es\/wp-json\/wp\/v2\/product"}],"about":[{"href":"https:\/\/shampetusa.com\/es\/wp-json\/wp\/v2\/types\/product"}],"replies":[{"embeddable":true,"href":"https:\/\/shampetusa.com\/es\/wp-json\/wp\/v2\/comments?post=340"}],"wp:featuredmedia":[{"embeddable":true,"href":"https:\/\/shampetusa.com\/es\/wp-json\/wp\/v2\/media\/214"}],"wp:attachment":[{"href":"https:\/\/shampetusa.com\/es\/wp-json\/wp\/v2\/media?parent=340"}],"wp:term":[{"taxonomy":"product_cat","embeddable":true,"href":"https:\/\/shampetusa.com\/es\/wp-json\/wp\/v2\/product_cat?post=340"},{"taxonomy":"product_tag","embeddable":true,"href":"https:\/\/shampetusa.com\/es\/wp-json\/wp\/v2\/product_tag?post=340"}],"curies":[{"name":"wp","href":"https:\/\/api.w.org\/{rel}","templated":true}]}}