{"id":339,"date":"2024-11-14T17:12:35","date_gmt":"2024-11-14T17:12:35","guid":{"rendered":"https:\/\/shampetusa.com\/product\/silky-conditioner-shampoo-700-ml\/"},"modified":"2024-11-15T12:18:20","modified_gmt":"2024-11-15T12:18:20","slug":"silky-conditioner-shampoo-700-ml","status":"publish","type":"product","link":"https:\/\/shampetusa.com\/es\/producto\/silky-conditioner-shampoo-700-ml\/","title":{"rendered":"Silky conditioner shampoo 700 ML"},"content":{"rendered":"<p><strong>Ingredientes Clave:<\/strong><br \/>\nAceite de Almendra Dulce, Aceite de Coco, Aceite de Oliva, Pantenol<\/p>\n<p><strong>Instrucciones:<\/strong><br \/>\nAgita bien antes de usar. Aplica libremente una l\u00ednea de shampoo a lo largo de la espalda<br \/>\nde tu mascota y en la parte posterior de la cabeza. Haz espuma y masajea hasta la piel en<br \/>\ntodo el cuerpo, alrededor de la cabeza y el cuello, evitando cuidadosamente el contacto con los ojos, o\u00eddos y nariz de tu mascota. Deja actuar de 5 a 10 minutos. Enjuaga bien.<\/p>\n<p>Repite tantas veces como sea necesario.<\/p>\n","protected":false},"excerpt":{"rendered":"<p>Una f\u00f3rmula especial de acondicionador hipoalerg\u00e9nico y no t\u00f3xico proteger\u00e1 el pelaje de tu mascota mientras elimina y previene enredos. Usa despu\u00e9s del shampoo para restaurar<br \/>\nun pelaje saludable, brillante y sedoso, y mejorar su manejabilidad general.<\/p>\n","protected":false},"featured_media":210,"comment_status":"open","ping_status":"closed","template":"","meta":{"site-sidebar-layout":"default","site-content-layout":"","ast-site-content-layout":"default","site-content-style":"default","site-sidebar-style":"default","ast-global-header-display":"","ast-banner-title-visibility":"","ast-main-header-display":"","ast-hfb-above-header-display":"","ast-hfb-below-header-display":"","ast-hfb-mobile-header-display":"","site-post-title":"","ast-breadcrumbs-content":"","ast-featured-img":"","footer-sml-layout":"","theme-transparent-header-meta":"default","adv-header-id-meta":"","stick-header-meta":"","header-above-stick-meta":"","header-main-stick-meta":"","header-below-stick-meta":"","astra-migrate-meta-layouts":"default","ast-page-background-enabled":"default","ast-page-background-meta":{"desktop":{"background-color":"var(--ast-global-color-4)","background-image":"","background-repeat":"repeat","background-position":"center center","background-size":"auto","background-attachment":"scroll","background-type":"","background-media":"","overlay-type":"","overlay-color":"","overlay-opacity":"","overlay-gradient":""},"tablet":{"background-color":"","background-image":"","background-repeat":"repeat","background-position":"center center","background-size":"auto","background-attachment":"scroll","background-type":"","background-media":"","overlay-type":"","overlay-color":"","overlay-opacity":"","overlay-gradient":""},"mobile":{"background-color":"","background-image":"","background-repeat":"repeat","background-position":"center center","background-size":"auto","background-attachment":"scroll","background-type":"","background-media":"","overlay-type":"","overlay-color":"","overlay-opacity":"","overlay-gradient":""}},"ast-content-background-meta":{"desktop":{"background-color":"var(--ast-global-color-5)","background-image":"","background-repeat":"repeat","background-position":"center center","background-size":"auto","background-attachment":"scroll","background-type":"","background-media":"","overlay-type":"","overlay-color":"","overlay-opacity":"","overlay-gradient":""},"tablet":{"background-color":"var(--ast-global-color-5)","background-image":"","background-repeat":"repeat","background-position":"center center","background-size":"auto","background-attachment":"scroll","background-type":"","background-media":"","overlay-type":"","overlay-color":"","overlay-opacity":"","overlay-gradient":""},"mobile":{"background-color":"var(--ast-global-color-5)","background-image":"","background-repeat":"repeat","background-position":"center center","background-size":"auto","background-attachment":"scroll","background-type":"","background-media":"","overlay-type":"","overlay-color":"","overlay-opacity":"","overlay-gradient":""}}},"product_cat":[31],"product_tag":[],"class_list":{"0":"post-339","1":"product","2":"type-product","3":"status-publish","4":"has-post-thumbnail","6":"product_cat-champu-para-el-cuidado-de-mascotas","7":"desktop-align-center","8":"tablet-align-center","9":"mobile-align-center","11":"first","12":"instock","13":"taxable","14":"shipping-taxable","15":"purchasable","16":"product-type-simple"},"_links":{"self":[{"href":"https:\/\/shampetusa.com\/es\/wp-json\/wp\/v2\/product\/339","targetHints":{"allow":["GET"]}}],"collection":[{"href":"https:\/\/shampetusa.com\/es\/wp-json\/wp\/v2\/product"}],"about":[{"href":"https:\/\/shampetusa.com\/es\/wp-json\/wp\/v2\/types\/product"}],"replies":[{"embeddable":true,"href":"https:\/\/shampetusa.com\/es\/wp-json\/wp\/v2\/comments?post=339"}],"wp:featuredmedia":[{"embeddable":true,"href":"https:\/\/shampetusa.com\/es\/wp-json\/wp\/v2\/media\/210"}],"wp:attachment":[{"href":"https:\/\/shampetusa.com\/es\/wp-json\/wp\/v2\/media?parent=339"}],"wp:term":[{"taxonomy":"product_cat","embeddable":true,"href":"https:\/\/shampetusa.com\/es\/wp-json\/wp\/v2\/product_cat?post=339"},{"taxonomy":"product_tag","embeddable":true,"href":"https:\/\/shampetusa.com\/es\/wp-json\/wp\/v2\/product_tag?post=339"}],"curies":[{"name":"wp","href":"https:\/\/api.w.org\/{rel}","templated":true}]}}