{"id":335,"date":"2024-11-14T17:12:41","date_gmt":"2024-11-14T17:12:41","guid":{"rendered":"https:\/\/shampetusa.com\/product\/4-in-1-shampoo-700ml\/"},"modified":"2024-11-15T12:18:30","modified_gmt":"2024-11-15T12:18:30","slug":"4-in-1-shampoo-700ml","status":"publish","type":"product","link":"https:\/\/shampetusa.com\/es\/producto\/4-in-1-shampoo-700ml\/","title":{"rendered":"4 in 1 Shampoo  700ML"},"content":{"rendered":"<p><strong>Ingredientes Clave<\/strong><br \/>\nAceite de Semilla de Girasol, Aceite de Coco, Aceite de Palma, Vitamina E<\/p>\n<p><strong>Instrucciones<\/strong><br \/>\nAgita bien antes de usar. Aplica libremente una l\u00ednea de shampoo a lo largo de la espalda de tu mascota y en la parte posterior de la cabeza. Haz espuma y masajea hasta la piel en todo el cuerpo, alrededor de la cabeza y el cuello, evitando cuidadosamente el contacto con los ojos, o\u00eddos y nariz de tu mascota. Deja actuar de 5 a 10 minutos. Enjuaga bien. Repite tantas veces como sea necesario.<\/p>\n","protected":false},"excerpt":{"rendered":"<p>Shampoo natural e hipoalerg\u00e9nico con tratamiento antibacteriano y antif\u00fangico, formulado por veterinarios espec\u00edficamente para perros y gatos, grandes o peque\u00f1os.<br \/>\nShampoo sin l\u00e1grimas, sin fragancia, con minerales naturales.<\/p>\n","protected":false},"featured_media":209,"comment_status":"open","ping_status":"closed","template":"","meta":{"site-sidebar-layout":"default","site-content-layout":"","ast-site-content-layout":"default","site-content-style":"default","site-sidebar-style":"default","ast-global-header-display":"","ast-banner-title-visibility":"","ast-main-header-display":"","ast-hfb-above-header-display":"","ast-hfb-below-header-display":"","ast-hfb-mobile-header-display":"","site-post-title":"","ast-breadcrumbs-content":"","ast-featured-img":"","footer-sml-layout":"","theme-transparent-header-meta":"default","adv-header-id-meta":"","stick-header-meta":"","header-above-stick-meta":"","header-main-stick-meta":"","header-below-stick-meta":"","astra-migrate-meta-layouts":"default","ast-page-background-enabled":"default","ast-page-background-meta":{"desktop":{"background-color":"var(--ast-global-color-4)","background-image":"","background-repeat":"repeat","background-position":"center center","background-size":"auto","background-attachment":"scroll","background-type":"","background-media":"","overlay-type":"","overlay-color":"","overlay-opacity":"","overlay-gradient":""},"tablet":{"background-color":"","background-image":"","background-repeat":"repeat","background-position":"center center","background-size":"auto","background-attachment":"scroll","background-type":"","background-media":"","overlay-type":"","overlay-color":"","overlay-opacity":"","overlay-gradient":""},"mobile":{"background-color":"","background-image":"","background-repeat":"repeat","background-position":"center center","background-size":"auto","background-attachment":"scroll","background-type":"","background-media":"","overlay-type":"","overlay-color":"","overlay-opacity":"","overlay-gradient":""}},"ast-content-background-meta":{"desktop":{"background-color":"var(--ast-global-color-5)","background-image":"","background-repeat":"repeat","background-position":"center center","background-size":"auto","background-attachment":"scroll","background-type":"","background-media":"","overlay-type":"","overlay-color":"","overlay-opacity":"","overlay-gradient":""},"tablet":{"background-color":"var(--ast-global-color-5)","background-image":"","background-repeat":"repeat","background-position":"center center","background-size":"auto","background-attachment":"scroll","background-type":"","background-media":"","overlay-type":"","overlay-color":"","overlay-opacity":"","overlay-gradient":""},"mobile":{"background-color":"var(--ast-global-color-5)","background-image":"","background-repeat":"repeat","background-position":"center center","background-size":"auto","background-attachment":"scroll","background-type":"","background-media":"","overlay-type":"","overlay-color":"","overlay-opacity":"","overlay-gradient":""}}},"product_cat":[31],"product_tag":[],"class_list":{"0":"post-335","1":"product","2":"type-product","3":"status-publish","4":"has-post-thumbnail","6":"product_cat-champu-para-el-cuidado-de-mascotas","7":"desktop-align-center","8":"tablet-align-center","9":"mobile-align-center","11":"first","12":"instock","13":"taxable","14":"shipping-taxable","15":"purchasable","16":"product-type-simple"},"_links":{"self":[{"href":"https:\/\/shampetusa.com\/es\/wp-json\/wp\/v2\/product\/335","targetHints":{"allow":["GET"]}}],"collection":[{"href":"https:\/\/shampetusa.com\/es\/wp-json\/wp\/v2\/product"}],"about":[{"href":"https:\/\/shampetusa.com\/es\/wp-json\/wp\/v2\/types\/product"}],"replies":[{"embeddable":true,"href":"https:\/\/shampetusa.com\/es\/wp-json\/wp\/v2\/comments?post=335"}],"wp:featuredmedia":[{"embeddable":true,"href":"https:\/\/shampetusa.com\/es\/wp-json\/wp\/v2\/media\/209"}],"wp:attachment":[{"href":"https:\/\/shampetusa.com\/es\/wp-json\/wp\/v2\/media?parent=335"}],"wp:term":[{"taxonomy":"product_cat","embeddable":true,"href":"https:\/\/shampetusa.com\/es\/wp-json\/wp\/v2\/product_cat?post=335"},{"taxonomy":"product_tag","embeddable":true,"href":"https:\/\/shampetusa.com\/es\/wp-json\/wp\/v2\/product_tag?post=335"}],"curies":[{"name":"wp","href":"https:\/\/api.w.org\/{rel}","templated":true}]}}